{"id":736,"date":"2024-07-18T13:51:43","date_gmt":"2024-07-18T13:51:43","guid":{"rendered":"https:\/\/learn.afoodpack.com\/home\/"},"modified":"2024-10-09T16:34:59","modified_gmt":"2024-10-09T16:34:59","slug":"home","status":"publish","type":"page","link":"https:\/\/learn.afoodpack.com\/en\/","title":{"rendered":"Accueil"},"content":{"rendered":"<ul>\n\t\t<li>\t\t\t\t\n\t\tFormation \u00e0 la demande<\/li>\t<\/ul>\n\t\t\t<h1>\n\t\t\t\t\tTout savoir sur le packaging agroalimentaire\n\t\t\t\t<\/h1>\n\t\t\t<p>Apprenez en d&rsquo;avantage sur l&#8217;emballage et sur le secteur agroalimentaire en g\u00e9n\u00e9ral. D\u00e9couvrez les nouvelles technologies de production et de conservation des produits alimentaires. D\u00e9couvrez les faces cach\u00e9es de l&#8217;emballage agroalimentaire.<\/p>\n\t\t\t<a href=\"https:\/\/learn.afoodpack.com\/en\/tableau-de-bord\/\" target=\"_self\" role=\"button\" rel=\"noopener\">\n\t\t\t\t\t\tCommencer \n\t\t<\/a>\n\t\t\t<a href=\"https:\/\/learn.afoodpack.com\/en\/nos-cours\/\" target=\"_self\" role=\"button\" rel=\"noopener\">\n\t\t\t\t\t\tTous les cours \n\t\t<\/a>\n\t\t\t<h2>\n\t\t\t\t\tNos Partenaires\u00a0\n\t\t\t\t<\/h2>\n\t\t\t\t<img decoding=\"async\" src=\"https:\/\/learn.afoodpack.com\/wp-content\/uploads\/2024\/07\/ice-t-investment-b.png\" alt=\"ice-t investment b\" itemprop=\"image\"\/>\n\t\t\t\t<img decoding=\"async\" src=\"https:\/\/learn.afoodpack.com\/wp-content\/uploads\/2024\/07\/visible-b.png\" alt=\"visible b\" itemprop=\"image\"\/>\n\t\t\t\t<img decoding=\"async\" src=\"https:\/\/learn.afoodpack.com\/wp-content\/uploads\/2024\/07\/alecto-b.png\" alt=\"alecto b\" itemprop=\"image\"\/>\n\t\t\t\t<img decoding=\"async\" src=\"https:\/\/learn.afoodpack.com\/wp-content\/uploads\/2024\/07\/ist.png\" alt=\"ist\" itemprop=\"image\"\/>\n\t\t\t\t<img decoding=\"async\" src=\"https:\/\/learn.afoodpack.com\/wp-content\/uploads\/2024\/07\/min-b.png\" alt=\"min b\" itemprop=\"image\"\/>\n\t\t\t\t<img decoding=\"async\" src=\"https:\/\/learn.afoodpack.com\/wp-content\/uploads\/2024\/07\/mebf-c.png\" alt=\"mebf c\" itemprop=\"image\"\/>\n\t\t\t\t<img decoding=\"async\" src=\"https:\/\/learn.afoodpack.com\/wp-content\/uploads\/2024\/07\/sentinelle-bf.png\" alt=\"sentinelle bf\" itemprop=\"image\"\/>\n\t\t\t<h6>\n\t\t\t\t\tTop Categories\n\t\t\t\t<\/h6>\n\t\t\t<h2>\n\t\t\t\t\tCours Populaires\n\t\t\t\t<\/h2>\n\t<p>Lorem ipsum dolor sit amet, consectetur adipisicing elit, sed do eiusmod tempor incididunt ut labore et dolore magna aliqua. Ut enim ad minim.<\/p>\n\t\t\t<a href=\"https:\/\/learn.afoodpack.com\/en\/nos-cours\/\" target=\"_self\" role=\"button\" rel=\"noopener\">\n\t\t\t\t\t\tVoir tous les cours\n\t\t<\/a>\n\t\t\t\t<img fetchpriority=\"high\" decoding=\"async\" src=\"https:\/\/learn.afoodpack.com\/wp-content\/uploads\/2024\/08\/cover-cours-1.png\" alt=\"cover cours 1\" itemprop=\"image\" height=\"960\" width=\"624\" title=\"cover cours 1\" onerror=\"this.style.display='none'\"  \/>\n\t<h3>Packaging &#8211; Les Bases<\/h3>\n<p>Initiez-vous aux fondamentaux du packaging et ma\u00eetrisez les concepts cl\u00e9s pour cr\u00e9er des emballages efficaces et fonctionnels.<\/p>\n\t\t\t<a href=\"https:\/\/learn.afoodpack.com\/en\/courses\/packaging-les-bases\/\" target=\"_self\" rel=\"noopener\">\n\t\t\t\t\t\tS&rsquo;inscrire\n\t\t\t\t\t<\/a>\nD\u00e9couvrez les fondamentaux du packaging, une introduction indispensable pour toute personne souhaitant comprendre les principes de base de l&#8217;emballage.<br \/>\nPoints essentiels du cours :\n<ul>\n<li>\u00a0 Histoire et \u00e9volution du packaging.<\/li>\n<li>\u00a0 Mat\u00e9riaux couramment utilis\u00e9s dans le packaging.<\/li>\n<li>\u00a0 Techniques de conception de base pour un emballage efficace.<\/li>\n<\/ul>\n\t\t\t\t<img decoding=\"async\" src=\"https:\/\/learn.afoodpack.com\/wp-content\/uploads\/2024\/08\/cover-cours-3.png\" alt=\"cover cours 3\" itemprop=\"image\" height=\"960\" width=\"624\" title=\"cover cours 3\" onerror=\"this.style.display='none'\"  \/>\n\t<h3>Packaging &#8211; Les Normes<\/h3>\n<p>Familiarisez-vous avec les r\u00e9gulations essentielles du secteur du packaging pour assurer la conformit\u00e9 et la s\u00e9curit\u00e9 de vos produits.<\/p>\n\t\t\t<a href=\"https:\/\/learn.afoodpack.com\/en\/courses\/packaging-les-bases\/\" target=\"_self\" rel=\"noopener\">\n\t\t\t\t\t\tS&rsquo;inscrire\n\t\t\t\t\t<\/a>\nApprenez les normes et r\u00e9gulations en vigueur dans l&rsquo;industrie du packaging pour garantir la conformit\u00e9 de vos produits et \u00e9viter les sanctions.<br \/>\nPoints essentiels :\n<ul>\n<li>\u00a0 R\u00e9glementations nationales et internationales.<\/li>\n<li>\u00a0 Standards de s\u00e9curit\u00e9 alimentaire et environnementale.<\/li>\n<li>\u00a0 Proc\u00e9dures de certification et d&rsquo;audit.<\/li>\n<\/ul>\n\t\t\t\t<img decoding=\"async\" src=\"https:\/\/learn.afoodpack.com\/wp-content\/uploads\/2024\/08\/cover-cours-2.png\" alt=\"cover cours 2\" itemprop=\"image\" height=\"960\" width=\"624\" title=\"cover cours 2\" onerror=\"this.style.display='none'\"  \/>\n\t<h3>Packaging &#8211; L&rsquo;Esth\u00e9tique<\/h3>\n<p>Explorez l&rsquo;art et la science du design d&#8217;emballage pour cr\u00e9er des produits qui captivent l&rsquo;\u0153il et s\u00e9duisent les consommateurs.<\/p>\n\t\t\t<a href=\"https:\/\/learn.afoodpack.com\/en\/courses\/packaging-les-bases\/\" target=\"_self\" rel=\"noopener\">\n\t\t\t\t\t\tS&rsquo;inscrire\n\t\t\t\t\t<\/a>\nExplorez l&rsquo;importance du design esth\u00e9tique dans le packaging et comment il influence la perception des consommateurs et les ventes.<br \/>\nPoints essentiels :\n<ul>\n<li>\u00a0 Principes de design visuel.<\/li>\n<li>\u00a0 Couleurs, typographies et mat\u00e9riaux pour un impact maximal.<\/li>\n<li>\u00a0 \u00c9tudes de cas de designs de packaging r\u00e9ussis.<\/li>\n<\/ul>\n\t\t\t<h4>\n\t\t\t\t\tExp\u00e9rience\n\t\t\t\t<\/h4>\n\t\t\t<p>Profitez d&rsquo;un apprentissage facile et disponible \u00e0 tout moment le tout \u00e0 votre rythme.<\/p>\n\t\t\t<h4>\n\t\t\t\t\tEducation\n\t\t\t\t<\/h4>\n\t\t\t<p>B\u00e9n\u00e9ficiez d&rsquo;une formation pr\u00e9par\u00e9e par nos partenaires et des professionnels de l&rsquo;industrie de l&#8217;emballage.<\/p>\n\t\t\t<h4>\n\t\t\t\t\tCertificat\n\t\t\t\t<\/h4>\n\t\t\t<p>Obtenez un certificat de fin de cours apr\u00e8s validation de vos formations. Certifications co-sign\u00e9es par nos partenaires.<\/p>\n\t\t\t<h6>\n\t\t\t\t\tApprenez \u00e0 votre rythme \n\t\t\t\t<\/h6>\n\t\t\t<h4>\n\t\t\t\t\tBoostez votre Carri\u00e8re en obtenant des comp\u00e9tances de haute facture.\n\t\t\t\t<\/h4>\n\t\t\t<a href=\"https:\/\/learn.afoodpack.com\/en\/nos-cours\/\" target=\"_self\" role=\"button\" rel=\"noopener\">\n\t\t\t\t\t\tCommencez maintenant\n\t\t<\/a>\n\t\t\t<h6>\n\t\t\t\t\tCaracteristiques de nos cours\n\t\t\t\t<\/h6>\n\t\t\t<h2>\n\t\t\t\t\tPourquoi apprendre avec nous?\n\t\t\t\t<\/h2>\n\t\t\t<p><strong>Learn AFoodPack\u00a0<\/strong>est la premi\u00e8re proposition de formation en ligne ax\u00e9e sur l&rsquo;industrie de l&#8217;emballage agroalimentaire en Afrique.<\/p>\n\t\t\t<h4>\n\t\t\t\t\tLes leaders de l&rsquo;industrie\n\t\t\t\t<\/h4>\n\t\t\t<p>Apprenez des leaders de l&rsquo;industrie de l&#8217;emballage agroalimentaire.<\/p>\n\t\t\t<h4>\n\t\t\t\t\tApprenez \u00e0 votre ryhtme\n\t\t\t\t<\/h4>\n\t\t\t<p>Etudiez selon votre propre emplois de temps et vos besoins.<\/p>\n\t\t\t<h4>\n\t\t\t\t\tCertification Professionnelle \n\t\t\t\t<\/h4>\n\t\t\t<p>Obtenez un certificat de fin de formation reconnu par nos partenaires.<\/p>\n\t\t\t<h6>\n\t\t\t\t\tT\u00e9moignages\n\t\t\t\t<\/h6>\n\t\t\t<h2>\n\t\t\t\t\tUtilis\u00e9 par des centaines d&rsquo;\u00e9tudiants et d&rsquo;enseignants\n\t\t\t\t<\/h2>\n\t\t\t<h2>\n\t\t\t\t\t4.8\n\t\t\t\t<\/h2>\n\t<i>&#9733;<\/i><i>&#9733;<\/i><i>&#9733;<\/i><i>&#9733;<\/i><i>&#9733;<\/i>\t\n\t2,394 Ratings<br \/>\nGoogle Reviews\n\t\t\t\t<img decoding=\"async\" src=\"https:\/\/websitedemos.net\/online-courses-01\/wp-content\/uploads\/sites\/735\/2020\/10\/online-programming-course-review-01.jpg\" alt=\"online-programming-course-review-01\" itemprop=\"image\"\/>\n\t<p>\u00ab\u00a0Massa amet, at dolor tellus pellentesque aenean in eget massa tincidunt habitasse volutpat adipiscing sed id sit auctor eu vivamus nulla.\u00a0\u00bb<\/p>\n\tEmma Hart\n\t<i>&#9733;<\/i><i>&#9733;<\/i><i>&#9733;<\/i><i>&#9733;<\/i><i>&#9733;<\/i>\t\n\t\t\t\t<img decoding=\"async\" src=\"https:\/\/websitedemos.net\/online-courses-01\/wp-content\/uploads\/sites\/735\/2020\/10\/online-programming-course-review-02.jpg\" alt=\"online-programming-course-review-02\" itemprop=\"image\"\/>\n\t<p>\u00ab\u00a0Ut morbi felis, felis massa quam sit massa, amet, bibendum pulvinar elit in adipiscing amet imperdiet ac felis congue enim, elementum orci.\u00a0\u00bb<\/p>\n\tEddie Johnson\n\t<i>&#9733;<\/i><i>&#9733;<\/i><i>&#9733;<\/i><i>&#9733;<\/i><i>&#9733;<\/i>\t\n\t\t\t\t<img decoding=\"async\" src=\"https:\/\/websitedemos.net\/online-courses-01\/wp-content\/uploads\/sites\/735\/2020\/10\/online-programming-course-review-03.jpg\" alt=\"online-programming-course-review-03\" itemprop=\"image\"\/>\n\t<p>\u00ab\u00a0Donec in varius facilisis justo, curabitur aliquet sit justo sed sit interdum diam dolor ornare quis a felis adipiscing hendrerit quisque enim.\u00a0\u00bb<\/p>\n\tJonathan Doe\n\t<i>&#9733;<\/i><i>&#9733;<\/i><i>&#9733;<\/i><i>&#9733;<\/i><i>&#9733;<\/i>\t\n\t\t\t\t<img decoding=\"async\" src=\"https:\/\/websitedemos.net\/online-courses-01\/wp-content\/uploads\/sites\/735\/2020\/10\/online-programming-course-review-04.jpg\" alt=\"online-programming-course-review-04\" itemprop=\"image\"\/>\n\t<p>\u00ab\u00a0Pulvinar dui vitae enim, diam et nulla elit nam leo lacinia et, a, pulvinar gravida enim in blandit mauris vitae volutpat urna, sed justo hendrerit.\u00a0\u00bb<\/p>\n\tMike Edward\n\t<i>&#9733;<\/i><i>&#9733;<\/i><i>&#9733;<\/i><i>&#9733;<\/i><i>&#9733;<\/i>\t\n\t\t\t<h2>\n\t\t\t\t\tRejoignez notre Communaut\u00e9\n\t\t\t\t<\/h2>\n\t\t\t<p>Tapez votre email pour vous inscrire \u00e0 notre newsletter<\/p>\n\t<form  class=\"kaliforms-form-container bootstrap-wrapper\" data-form-id=\"1084\" style=\"opacity:0\"><div id=\"kaliforms-global-error-message-1084\" class=\"global-error-message\"><\/div><div class=\"row kali-form-field-row\"><div class=\"col-12 col-md-7\"><input  data-internal-id=\"email1\" type=\"email\" id=\"email1\" name=\"email\" placeholder=\"Votre adresse email\"required class=\"input\"><\/div><div class=\"col-12 col-md-5\"><input  data-internal-id=\"submitbutton2\" type=\"submit\" id=\"submitButton2\" data-style=\"btn dark-blue\"  name=\"submitButton2\" class=\"input btn dark-blue\" value=\"S&#039;inscrire\" ><\/div><\/div><input type=\"hidden\" name=\"ip_address\" readonly value=\"216.73.216.241\" \/><!-- This form was built using Kali Forms --><input type=\"hidden\" name=\"trp-form-language\" value=\"en\"\/><\/form>","protected":false},"excerpt":{"rendered":"<p>Formation \u00e0 la demande Tout savoir sur le packaging agroalimentaire Apprenez en d&rsquo;avantage sur l&#8217;emballage et sur le secteur agroalimentaire en g\u00e9n\u00e9ral. D\u00e9couvrez les nouvelles technologies de production et de conservation des produits alimentaires. D\u00e9couvrez les faces cach\u00e9es de l&#8217;emballage agroalimentaire. Commencer Tous les cours Nos Partenaires\u00a0 Top Categories Cours Populaires Lorem ipsum dolor sit [&hellip;]<\/p>","protected":false},"author":1,"featured_media":0,"parent":0,"menu_order":0,"comment_status":"closed","ping_status":"closed","template":"","meta":{"site-sidebar-layout":"no-sidebar","site-content-layout":"page-builder","ast-site-content-layout":"full-width-container","site-content-style":"unboxed","site-sidebar-style":"unboxed","ast-global-header-display":"","ast-banner-title-visibility":"","ast-main-header-display":"","ast-hfb-above-header-display":"","ast-hfb-below-header-display":"","ast-hfb-mobile-header-display":"","site-post-title":"disabled","ast-breadcrumbs-content":"disabled","ast-featured-img":"disabled","footer-sml-layout":"","theme-transparent-header-meta":"enabled","adv-header-id-meta":"","stick-header-meta":"","header-above-stick-meta":"","header-main-stick-meta":"","header-below-stick-meta":"","astra-migrate-meta-layouts":"set","ast-page-background-enabled":"default","ast-page-background-meta":{"desktop":{"background-color":"","background-image":"","background-repeat":"repeat","background-position":"center center","background-size":"auto","background-attachment":"scroll","background-type":"","background-media":"","overlay-type":"","overlay-color":"","overlay-opacity":"","overlay-gradient":""},"tablet":{"background-color":"","background-image":"","background-repeat":"repeat","background-position":"center center","background-size":"auto","background-attachment":"scroll","background-type":"","background-media":"","overlay-type":"","overlay-color":"","overlay-opacity":"","overlay-gradient":""},"mobile":{"background-color":"","background-image":"","background-repeat":"repeat","background-position":"center center","background-size":"auto","background-attachment":"scroll","background-type":"","background-media":"","overlay-type":"","overlay-color":"","overlay-opacity":"","overlay-gradient":""}},"ast-content-background-meta":{"desktop":{"background-color":"var(--ast-global-color-5)","background-image":"","background-repeat":"repeat","background-position":"center center","background-size":"auto","background-attachment":"scroll","background-type":"","background-media":"","overlay-type":"","overlay-color":"","overlay-opacity":"","overlay-gradient":""},"tablet":{"background-color":"var(--ast-global-color-5)","background-image":"","background-repeat":"repeat","background-position":"center center","background-size":"auto","background-attachment":"scroll","background-type":"","background-media":"","overlay-type":"","overlay-color":"","overlay-opacity":"","overlay-gradient":""},"mobile":{"background-color":"var(--ast-global-color-5)","background-image":"","background-repeat":"repeat","background-position":"center center","background-size":"auto","background-attachment":"scroll","background-type":"","background-media":"","overlay-type":"","overlay-color":"","overlay-opacity":"","overlay-gradient":""}},"footnotes":""},"class_list":["post-736","page","type-page","status-publish","hentry"],"aioseo_notices":[],"_links":{"self":[{"href":"https:\/\/learn.afoodpack.com\/en\/wp-json\/wp\/v2\/pages\/736"}],"collection":[{"href":"https:\/\/learn.afoodpack.com\/en\/wp-json\/wp\/v2\/pages"}],"about":[{"href":"https:\/\/learn.afoodpack.com\/en\/wp-json\/wp\/v2\/types\/page"}],"author":[{"embeddable":true,"href":"https:\/\/learn.afoodpack.com\/en\/wp-json\/wp\/v2\/users\/1"}],"replies":[{"embeddable":true,"href":"https:\/\/learn.afoodpack.com\/en\/wp-json\/wp\/v2\/comments?post=736"}],"version-history":[{"count":14,"href":"https:\/\/learn.afoodpack.com\/en\/wp-json\/wp\/v2\/pages\/736\/revisions"}],"predecessor-version":[{"id":1118,"href":"https:\/\/learn.afoodpack.com\/en\/wp-json\/wp\/v2\/pages\/736\/revisions\/1118"}],"wp:attachment":[{"href":"https:\/\/learn.afoodpack.com\/en\/wp-json\/wp\/v2\/media?parent=736"}],"curies":[{"name":"wp","href":"https:\/\/api.w.org\/{rel}","templated":true}]}}