{"id":738,"date":"2024-07-18T13:51:43","date_gmt":"2024-07-18T13:51:43","guid":{"rendered":"https:\/\/learn.afoodpack.com\/about-us\/"},"modified":"2024-08-06T11:57:41","modified_gmt":"2024-08-06T11:57:41","slug":"a-propos","status":"publish","type":"page","link":"https:\/\/learn.afoodpack.com\/en\/a-propos\/","title":{"rendered":"A propos"},"content":{"rendered":"<h1>\n\t\t\t\t\tA propos de nous\n\t\t\t\t<\/h1>\n\t\t\t<p>Chez Learn AFoodPack, nous croyons fermement que l&rsquo;apprentissage continu est essentiel pour innover et exceller dans l&rsquo;industrie de l&#8217;emballage alimentaire. Nous nous effor\u00e7ons de fournir une \u00e9ducation de haute qualit\u00e9, accessible \u00e0 tous, pour aider les professionnels \u00e0 d\u00e9velopper leurs comp\u00e9tences et \u00e0 rester \u00e0 la pointe des derni\u00e8res tendances et technologies.<\/p>\n\t\t\t<h2>\n\t\t\t\t\t\u00c0 propos de Learn AFoodPack\n\t\t\t\t<\/h2>\n\t<p>Chez Learn AFoodPack, nous croyons que l&rsquo;\u00e9ducation est la cl\u00e9 pour innover et exceller dans l&rsquo;industrie de l&#8217;emballage alimentaire. Notre plateforme a \u00e9t\u00e9 cr\u00e9\u00e9e pour fournir une formation de qualit\u00e9, accessible \u00e0 tous, et adapt\u00e9e aux besoins actuels du march\u00e9.<\/p>\n\t\t\t\t<img decoding=\"async\" src=\"https:\/\/websitedemos.net\/online-courses-01\/wp-content\/uploads\/sites\/735\/2020\/02\/about-01-free-img.jpg\" alt=\"About Us Image\" itemprop=\"image\"\/>\n\t\t\t<h2>\n\t\t\t\t\tApprend quelque chose aujourd&rsquo;hui\n\t\t\t\t<\/h2>\n\t\t\t<p>Apprenez \u00e0 votre rythme avec nos cours en ligne sp\u00e9cialement con\u00e7us pour vous. Que vous soyez d\u00e9butant ou professionnel, nous avons des cours adapt\u00e9s \u00e0 tous les niveaux pour vous aider \u00e0 ma\u00eetriser les comp\u00e9tences essentielles dans le domaine de l&#8217;emballage alimentaire.<\/p>\n\t\t\t<h5>\n\t\t\t\t\tL&rsquo;Equipe Learn AfoodPack\n\t\t\t\t<\/h5>\n\t\t\t<h6>\n\t\t\t\t\tAFoodPack 2024\n\t\t\t\t<\/h6>\n\t\t\t<h5>\n\t\t\t\t\tNotre vision\n\t\t\t\t<\/h5>\n\t\t\t<h2>\n\t\t\t\t\tQui sommes nous?\n\t\t\t\t<\/h2>\n\t\t\t<h4>\n\t\t\t\t\t\u00ab\u00a0Il est impossible pour un homme d&rsquo;apprendre ce qu&rsquo;il pense d\u00e9j\u00e0 savoir.\u00a0\u00bb\n\t\t\t\t<\/h4>\n\t<p>Nous sommes une \u00e9quipe de passionn\u00e9s, compos\u00e9e d&rsquo;experts dans le domaine de l&#8217;emballage alimentaire, de la s\u00e9curit\u00e9 alimentaire et de l&rsquo;\u00e9co-conception. Avec des ann\u00e9es d&rsquo;exp\u00e9rience et une profonde compr\u00e9hension des d\u00e9fis et des opportunit\u00e9s de notre industrie, nous nous engageons \u00e0 partager notre savoir-faire et \u00e0 soutenir nos apprenants dans leur parcours professionnel.<\/p>\n\t<p>Cette citation r\u00e9sume notre philosophie. Nous encourageons une attitude d&rsquo;apprentissage ouvert et continu, car c&rsquo;est ainsi que nous pouvons v\u00e9ritablement progresser et innover.<\/p>\n<p>Chez Learn AFoodPack, nous offrons une vari\u00e9t\u00e9 de cours interactifs et engageants, con\u00e7us pour r\u00e9pondre aux besoins des d\u00e9butants comme des professionnels exp\u00e9riment\u00e9s. Nos cours sont d\u00e9velopp\u00e9s par des experts et couvrent un large \u00e9ventail de sujets, de la r\u00e9glementation de la s\u00e9curit\u00e9 alimentaire \u00e0 la conception durable.<\/p>\n\t<p><strong>Notre Mission :<\/strong><\/p>\n<ul>\n<li>Fournir une \u00e9ducation de qualit\u00e9 sup\u00e9rieure.<\/li>\n<li>Promouvoir l&rsquo;innovation et l&rsquo;am\u00e9lioration continue dans l&rsquo;industrie de l&#8217;emballage alimentaire.<\/li>\n<li>Rendre l&rsquo;apprentissage accessible \u00e0 tous, peu importe leur emplacement ou leur niveau d&rsquo;exp\u00e9rience.<\/li>\n<\/ul>\n<p>Rejoignez-nous et d\u00e9couvrez comment nous pouvons vous aider \u00e0 atteindre vos objectifs professionnels et \u00e0 exceller dans le domaine de l&#8217;emballage alimentaire.<\/p>\n\t\t\t<h5>\n\t\t\t\t\t\u00c9ducation de qualit\u00e9\n\t\t\t\t<\/h5>\n\t\t\t<p>Fournir des cours de haute qualit\u00e9, cr\u00e9\u00e9s par des experts reconnus.<\/p>\n\t\t\t<h5>\n\t\t\t\t\tInnovation\n\t\t\t\t<\/h5>\n\t\t\t<p>Encourager l&rsquo;innovation et l&rsquo;am\u00e9lioration continue dans l&rsquo;industrie de l&#8217;emballage alimentaire.<\/p>\n\t\t\t<h5>\n\t\t\t\t\tAccessibilit\u00e9\n\t\t\t\t<\/h5>\n\t\t\t<p>Rendre l&rsquo;apprentissage accessible \u00e0 tous, peu importe leur emplacement ou leur niveau d&rsquo;exp\u00e9rience.<\/p>\n\t\t\t<h2>\n\t\t\t\t\tRejoignez notre communaut\u00e9\n\t\t\t\t<\/h2>\n\t\t\t<p>Inscrivez-vous maintenant!<\/p>\n\t<form  class=\"kaliforms-form-container bootstrap-wrapper\" data-form-id=\"1084\" style=\"opacity:0\"><div id=\"kaliforms-global-error-message-1084\" class=\"global-error-message\"><\/div><div class=\"row kali-form-field-row\"><div class=\"col-12 col-md-7\"><input  data-internal-id=\"email1\" type=\"email\" id=\"email1\" name=\"email\" placeholder=\"Votre adresse email\"required class=\"input\"><\/div><div class=\"col-12 col-md-5\"><input  data-internal-id=\"submitbutton2\" type=\"submit\" id=\"submitButton2\" data-style=\"btn dark-blue\"  name=\"submitButton2\" class=\"input btn dark-blue\" value=\"S&#039;inscrire\" ><\/div><\/div><input type=\"hidden\" name=\"ip_address\" readonly value=\"216.73.216.241\" \/><!-- This form was built using Kali Forms --><input type=\"hidden\" name=\"trp-form-language\" value=\"en\"\/><\/form>","protected":false},"excerpt":{"rendered":"<p>A propos de nous Chez Learn AFoodPack, nous croyons fermement que l&rsquo;apprentissage continu est essentiel pour innover et exceller dans l&rsquo;industrie de l&#8217;emballage alimentaire. Nous nous effor\u00e7ons de fournir une \u00e9ducation de haute qualit\u00e9, accessible \u00e0 tous, pour aider les professionnels \u00e0 d\u00e9velopper leurs comp\u00e9tences et \u00e0 rester \u00e0 la pointe des derni\u00e8res tendances et [&hellip;]<\/p>","protected":false},"author":1,"featured_media":0,"parent":0,"menu_order":0,"comment_status":"closed","ping_status":"closed","template":"","meta":{"site-sidebar-layout":"no-sidebar","site-content-layout":"page-builder","ast-site-content-layout":"","site-content-style":"default","site-sidebar-style":"default","ast-global-header-display":"","ast-banner-title-visibility":"","ast-main-header-display":"","ast-hfb-above-header-display":"","ast-hfb-below-header-display":"","ast-hfb-mobile-header-display":"","site-post-title":"disabled","ast-breadcrumbs-content":"disabled","ast-featured-img":"disabled","footer-sml-layout":"","theme-transparent-header-meta":"enabled","adv-header-id-meta":"","stick-header-meta":"","header-above-stick-meta":"","header-main-stick-meta":"","header-below-stick-meta":"","astra-migrate-meta-layouts":"default","ast-page-background-enabled":"default","ast-page-background-meta":{"desktop":{"background-color":"","background-image":"","background-repeat":"repeat","background-position":"center center","background-size":"auto","background-attachment":"scroll","background-type":"","background-media":"","overlay-type":"","overlay-color":"","overlay-opacity":"","overlay-gradient":""},"tablet":{"background-color":"","background-image":"","background-repeat":"repeat","background-position":"center center","background-size":"auto","background-attachment":"scroll","background-type":"","background-media":"","overlay-type":"","overlay-color":"","overlay-opacity":"","overlay-gradient":""},"mobile":{"background-color":"","background-image":"","background-repeat":"repeat","background-position":"center center","background-size":"auto","background-attachment":"scroll","background-type":"","background-media":"","overlay-type":"","overlay-color":"","overlay-opacity":"","overlay-gradient":""}},"ast-content-background-meta":{"desktop":{"background-color":"var(--ast-global-color-5)","background-image":"","background-repeat":"repeat","background-position":"center center","background-size":"auto","background-attachment":"scroll","background-type":"","background-media":"","overlay-type":"","overlay-color":"","overlay-opacity":"","overlay-gradient":""},"tablet":{"background-color":"var(--ast-global-color-5)","background-image":"","background-repeat":"repeat","background-position":"center center","background-size":"auto","background-attachment":"scroll","background-type":"","background-media":"","overlay-type":"","overlay-color":"","overlay-opacity":"","overlay-gradient":""},"mobile":{"background-color":"var(--ast-global-color-5)","background-image":"","background-repeat":"repeat","background-position":"center center","background-size":"auto","background-attachment":"scroll","background-type":"","background-media":"","overlay-type":"","overlay-color":"","overlay-opacity":"","overlay-gradient":""}},"footnotes":""},"class_list":["post-738","page","type-page","status-publish","hentry"],"aioseo_notices":[],"_links":{"self":[{"href":"https:\/\/learn.afoodpack.com\/en\/wp-json\/wp\/v2\/pages\/738"}],"collection":[{"href":"https:\/\/learn.afoodpack.com\/en\/wp-json\/wp\/v2\/pages"}],"about":[{"href":"https:\/\/learn.afoodpack.com\/en\/wp-json\/wp\/v2\/types\/page"}],"author":[{"embeddable":true,"href":"https:\/\/learn.afoodpack.com\/en\/wp-json\/wp\/v2\/users\/1"}],"replies":[{"embeddable":true,"href":"https:\/\/learn.afoodpack.com\/en\/wp-json\/wp\/v2\/comments?post=738"}],"version-history":[{"count":5,"href":"https:\/\/learn.afoodpack.com\/en\/wp-json\/wp\/v2\/pages\/738\/revisions"}],"predecessor-version":[{"id":1090,"href":"https:\/\/learn.afoodpack.com\/en\/wp-json\/wp\/v2\/pages\/738\/revisions\/1090"}],"wp:attachment":[{"href":"https:\/\/learn.afoodpack.com\/en\/wp-json\/wp\/v2\/media?parent=738"}],"curies":[{"name":"wp","href":"https:\/\/api.w.org\/{rel}","templated":true}]}}