{"id":739,"date":"2024-07-18T13:51:43","date_gmt":"2024-07-18T13:51:43","guid":{"rendered":"https:\/\/learn.afoodpack.com\/instructors\/"},"modified":"2024-08-06T11:56:58","modified_gmt":"2024-08-06T11:56:58","slug":"instructeurs","status":"publish","type":"page","link":"https:\/\/learn.afoodpack.com\/en\/instructeurs\/","title":{"rendered":"Instructeurs"},"content":{"rendered":"<h1>\n\t\t\t\t\tInstructeurs\n\t\t\t\t<\/h1>\n\t\t\t<p>Profitez d&rsquo;une exp\u00e9rience d&rsquo;apprentissage compl\u00e8te et enrichie avec nos instructeurs pluridisciplinaires et exp\u00e9riment\u00e9s dans leurs domaines respectifs.<\/p>\n\t\t\t<h6>\n\t\t\t\t\tIls partagent une vision\n\t\t\t\t<\/h6>\n\t\t\t<h2>\n\t\t\t\t\tNos Instructeurs\n\t\t\t\t<\/h2>\n\t<p>Allez \u00e0 la rencontre des instructeurs de nos diff\u00e9rents cours et programmes de formation. Des enseignant, professionnels de leurs domaines respectifs ayant la m\u00eame vision, celle d&rsquo;une industrie emballage fi\u00e8rement d\u00e9velopp\u00e9e et comp\u00e9titive.<\/p>\n\t\t\t\t<img decoding=\"async\" src=\"https:\/\/websitedemos.net\/online-courses-01\/wp-content\/uploads\/sites\/735\/2021\/03\/instructor-02-free-img.jpg\" alt=\"instructor-02-free-img\" itemprop=\"image\"\/>\n\t\t\t<h6>\n\t\t\t\t\tALB Expert Pack\n\t\t\t\t<\/h6>\n\t\t\t<h4>\n\t\t\t\t\tArnaud LE BERRIGAUD\n\t\t\t\t<\/h4>\n\t\t\t<p>Duis aute irure dolor in velit esse cillum dolore eu fugiat nulla pariatur. Excepteur sint occaecat cupidatat voluptas.<\/p>\n\t<ul>\n\t\t<li>\t\t\t\t\n\t\tView Profile<\/li>\t<\/ul>\n\t\t\t\t<img decoding=\"async\" src=\"https:\/\/websitedemos.net\/online-courses-01\/wp-content\/uploads\/sites\/735\/2020\/11\/instructor-04.png\" alt=\"instructor-04\" itemprop=\"image\"\/>\n\t\t\t<h6>\n\t\t\t\t\tVisible Emballage 360 | AFoodPack\n\t\t\t\t<\/h6>\n\t\t\t<h4>\n\t\t\t\t\tSylvie V. FAUVEL\n\t\t\t\t<\/h4>\n\t\t\t<p>Duis aute irure dolor in velit esse cillum dolore eu fugiat nulla pariatur. Excepteur sint occaecat cupidatat voluptas.<\/p>\n\t<ul>\n\t\t<li>\t\t\t\t\n\t\tView Profile<\/li>\t<\/ul>\n\t\t\t\t<img decoding=\"async\" src=\"https:\/\/websitedemos.net\/online-courses-01\/wp-content\/uploads\/sites\/735\/2020\/11\/instructor-03.png\" alt=\"instructor-03\" itemprop=\"image\"\/>\n\t\t\t<h6>\n\t\t\t\t\tICE-T INVESTMENT Sarl | AFoodPack\n\t\t\t\t<\/h6>\n\t\t\t<h4>\n\t\t\t\t\tClovice ILBOUDO\n\t\t\t\t<\/h4>\n\t\t\t<p>Duis aute irure dolor in velit esse cillum dolore eu fugiat nulla pariatur. Excepteur sint occaecat cupidatat voluptas.<\/p>\n\t<ul>\n\t\t<li>\t\t\t\t\n\t\tView Profile<\/li>\t<\/ul>\n\t\t\t\t<img decoding=\"async\" src=\"https:\/\/websitedemos.net\/online-courses-01\/wp-content\/uploads\/sites\/735\/2020\/11\/instructor-05.png\" alt=\"instructor-05\" itemprop=\"image\"\/>\n\t\t\t<h6>\n\t\t\t\t\tCNPI\n\t\t\t\t<\/h6>\n\t\t\t<h4>\n\t\t\t\t\tEmmanuel ZONGO\n\t\t\t\t<\/h4>\n\t\t\t<p>Duis aute irure dolor in velit esse cillum dolore eu fugiat nulla pariatur. Excepteur sint occaecat cupidatat voluptas.<\/p>\n\t<ul>\n\t\t<li>\t\t\t\t\n\t\tView Profile<\/li>\t<\/ul>\n\t\t\t\t<img decoding=\"async\" src=\"https:\/\/websitedemos.net\/online-courses-01\/wp-content\/uploads\/sites\/735\/2020\/11\/instructor-01.png\" alt=\"instructor-01\" itemprop=\"image\"\/>\n\t\t\t<h6>\n\t\t\t\t\tSalomon Conseil\n\t\t\t\t<\/h6>\n\t\t\t<h4>\n\t\t\t\t\tAbdoul Karim BANDE\n\t\t\t\t<\/h4>\n\t\t\t<p>Duis aute irure dolor in velit esse cillum dolore eu fugiat nulla pariatur. Excepteur sint occaecat cupidatat voluptas.<\/p>\n\t<ul>\n\t\t<li>\t\t\t\t\n\t\tView Profile<\/li>\t<\/ul>\n\t\t\t\t<img decoding=\"async\" src=\"https:\/\/websitedemos.net\/online-courses-01\/wp-content\/uploads\/sites\/735\/2020\/11\/instructor-06.png\" alt=\"instructor-06\" itemprop=\"image\"\/>\n\t\t\t<h6>\n\t\t\t\t\tMaison de l&rsquo;Entreprise\n\t\t\t\t<\/h6>\n\t\t\t<h4>\n\t\t\t\t\tYacouba SOW\n\t\t\t\t<\/h4>\n\t\t\t<p>Duis aute irure dolor in velit esse cillum dolore eu fugiat nulla pariatur. Excepteur sint occaecat cupidatat voluptas.<\/p>\n\t<ul>\n\t\t<li>\t\t\t\t\n\t\tView Profile<\/li>\t<\/ul>\n\t\t\t<h2>\n\t\t\t\t\tRejoignez notre communaut\u00e9\n\t\t\t\t<\/h2>\n\t\t\t<p>inscrivez vous maintenant \u00e0 un programme, inscrivez vous \u00e0 notre Newsletter !<\/p>\n\t<form  class=\"kaliforms-form-container bootstrap-wrapper\" data-form-id=\"1084\" style=\"opacity:0\"><div id=\"kaliforms-global-error-message-1084\" class=\"global-error-message\"><\/div><div class=\"row kali-form-field-row\"><div class=\"col-12 col-md-7\"><input  data-internal-id=\"email1\" type=\"email\" id=\"email1\" name=\"email\" placeholder=\"Votre adresse email\"required class=\"input\"><\/div><div class=\"col-12 col-md-5\"><input  data-internal-id=\"submitbutton2\" type=\"submit\" id=\"submitButton2\" data-style=\"btn dark-blue\"  name=\"submitButton2\" class=\"input btn dark-blue\" value=\"S&#039;inscrire\" ><\/div><\/div><input type=\"hidden\" name=\"ip_address\" readonly value=\"216.73.216.241\" \/><!-- This form was built using Kali Forms --><input type=\"hidden\" name=\"trp-form-language\" value=\"en\"\/><\/form>","protected":false},"excerpt":{"rendered":"<p>Instructeurs Profitez d&rsquo;une exp\u00e9rience d&rsquo;apprentissage compl\u00e8te et enrichie avec nos instructeurs pluridisciplinaires et exp\u00e9riment\u00e9s dans leurs domaines respectifs. Ils partagent une vision Nos Instructeurs Allez \u00e0 la rencontre des instructeurs de nos diff\u00e9rents cours et programmes de formation. Des enseignant, professionnels de leurs domaines respectifs ayant la m\u00eame vision, celle d&rsquo;une industrie emballage fi\u00e8rement d\u00e9velopp\u00e9e [&hellip;]<\/p>","protected":false},"author":1,"featured_media":0,"parent":0,"menu_order":0,"comment_status":"closed","ping_status":"closed","template":"","meta":{"site-sidebar-layout":"no-sidebar","site-content-layout":"page-builder","ast-site-content-layout":"","site-content-style":"default","site-sidebar-style":"default","ast-global-header-display":"","ast-banner-title-visibility":"","ast-main-header-display":"","ast-hfb-above-header-display":"","ast-hfb-below-header-display":"","ast-hfb-mobile-header-display":"","site-post-title":"disabled","ast-breadcrumbs-content":"disabled","ast-featured-img":"disabled","footer-sml-layout":"","theme-transparent-header-meta":"enabled","adv-header-id-meta":"","stick-header-meta":"","header-above-stick-meta":"","header-main-stick-meta":"","header-below-stick-meta":"","astra-migrate-meta-layouts":"default","ast-page-background-enabled":"default","ast-page-background-meta":{"desktop":{"background-color":"","background-image":"","background-repeat":"repeat","background-position":"center center","background-size":"auto","background-attachment":"scroll","background-type":"","background-media":"","overlay-type":"","overlay-color":"","overlay-opacity":"","overlay-gradient":""},"tablet":{"background-color":"","background-image":"","background-repeat":"repeat","background-position":"center center","background-size":"auto","background-attachment":"scroll","background-type":"","background-media":"","overlay-type":"","overlay-color":"","overlay-opacity":"","overlay-gradient":""},"mobile":{"background-color":"","background-image":"","background-repeat":"repeat","background-position":"center center","background-size":"auto","background-attachment":"scroll","background-type":"","background-media":"","overlay-type":"","overlay-color":"","overlay-opacity":"","overlay-gradient":""}},"ast-content-background-meta":{"desktop":{"background-color":"var(--ast-global-color-5)","background-image":"","background-repeat":"repeat","background-position":"center center","background-size":"auto","background-attachment":"scroll","background-type":"","background-media":"","overlay-type":"","overlay-color":"","overlay-opacity":"","overlay-gradient":""},"tablet":{"background-color":"var(--ast-global-color-5)","background-image":"","background-repeat":"repeat","background-position":"center center","background-size":"auto","background-attachment":"scroll","background-type":"","background-media":"","overlay-type":"","overlay-color":"","overlay-opacity":"","overlay-gradient":""},"mobile":{"background-color":"var(--ast-global-color-5)","background-image":"","background-repeat":"repeat","background-position":"center center","background-size":"auto","background-attachment":"scroll","background-type":"","background-media":"","overlay-type":"","overlay-color":"","overlay-opacity":"","overlay-gradient":""}},"footnotes":""},"class_list":["post-739","page","type-page","status-publish","hentry"],"aioseo_notices":[],"_links":{"self":[{"href":"https:\/\/learn.afoodpack.com\/en\/wp-json\/wp\/v2\/pages\/739"}],"collection":[{"href":"https:\/\/learn.afoodpack.com\/en\/wp-json\/wp\/v2\/pages"}],"about":[{"href":"https:\/\/learn.afoodpack.com\/en\/wp-json\/wp\/v2\/types\/page"}],"author":[{"embeddable":true,"href":"https:\/\/learn.afoodpack.com\/en\/wp-json\/wp\/v2\/users\/1"}],"replies":[{"embeddable":true,"href":"https:\/\/learn.afoodpack.com\/en\/wp-json\/wp\/v2\/comments?post=739"}],"version-history":[{"count":7,"href":"https:\/\/learn.afoodpack.com\/en\/wp-json\/wp\/v2\/pages\/739\/revisions"}],"predecessor-version":[{"id":1089,"href":"https:\/\/learn.afoodpack.com\/en\/wp-json\/wp\/v2\/pages\/739\/revisions\/1089"}],"wp:attachment":[{"href":"https:\/\/learn.afoodpack.com\/en\/wp-json\/wp\/v2\/media?parent=739"}],"curies":[{"name":"wp","href":"https:\/\/api.w.org\/{rel}","templated":true}]}}