{"id":740,"date":"2024-07-18T13:51:45","date_gmt":"2024-07-18T13:51:45","guid":{"rendered":"https:\/\/learn.afoodpack.com\/pricing-faq\/"},"modified":"2024-08-06T11:54:59","modified_gmt":"2024-08-06T11:54:59","slug":"faq","status":"publish","type":"page","link":"https:\/\/learn.afoodpack.com\/en\/faq\/","title":{"rendered":"FAQ"},"content":{"rendered":"<h1>\n\t\t\t\t\tFoire Aux Questions\n\t\t\t\t<\/h1>\n\t\t\t<p>Tout savoir sur le fonctionnement de la plateforme Learn AFoodPack.<\/p>\n\t\t\t<h6>\n\t\t\t\t\tDevenez membre\n\t\t\t\t<\/h6>\n\t\t\t<h2>\n\t\t\t\t\tInscription\n\t\t\t\t<\/h2>\n\t<p>Inscrivez-vous partout, \u00e0 tout moment et de fa\u00e7on gratuite en cliquant sur le bouton \u00ab\u00a0Commencer\u00a0\u00bb<\/p>\n\t\t+10\n\t\t\t\t\tPartenaires \n\t\t+20\n\t\t\t\t\tInstructeurs \n\t\t+100\n\t\t\t\t\tPersonnes form\u00e9es\n\t\t\t<h6>\n\t\t\t\t\tDes Questions?\n\t\t\t\t<\/h6>\n\t\t\t<h2>\n\t\t\t\t\tFAQ\n\t\t\t\t<\/h2>\n\t\t\t<p>Les questions usuelles de nos utilisateurs ainsi que leurs r\u00e9ponses.\u00a0<\/p>\n\t\t\t<h6>\n\t\t\t\t\t1. Comment puis-je m&rsquo;inscrire \u00e0 un cours ?\n\t\t\t\t<\/h6>\n\t\t\t<p>Vous pouvez vous inscrire \u00e0 nos cours en cr\u00e9ant un compte sur notre site et en s\u00e9lectionnant le cours qui vous int\u00e9resse. Cliquez sur le bouton \u00ab\u00a0S&rsquo;inscrire\u00a0\u00bb et suivez les instructions.<\/p>\n<p>\u00a0<\/p>\n\t\t\t<h6>\n\t\t\t\t\t2. Quels sont les modes de paiement accept\u00e9s ?\n\t\t\t\t<\/h6>\n\t\t\t<p>La plupart de nos cours sont gratuit mais des programmes sp\u00e9ciaux pourraient \u00eatre payants. Nous acceptons dans ces cas les paiements par carte de cr\u00e9dit, PayPal, et autres moyens de paiement s\u00e9curis\u00e9s.<\/p>\n\t\t\t<h6>\n\t\t\t\t\t3. Puis-je acc\u00e9der aux cours hors ligne ?\n\t\t\t\t<\/h6>\n\t\t\t<p>Nos cours sont accessibles en ligne. Cependant, certains mat\u00e9riaux peuvent \u00eatre t\u00e9l\u00e9charg\u00e9s pour une consultation hors ligne.<\/p>\n<p>\u00a0<\/p>\n\t\t\t<h6>\n\t\t\t\t\t4. Y a-t-il un support disponible si j&rsquo;ai des questions ?\n\t\t\t\t<\/h6>\n\t\t\t<p>Oui, notre \u00e9quipe de support est disponible pour r\u00e9pondre \u00e0 vos questions et vous aider avec tout probl\u00e8me technique ou de contenu.<\/p>\n<p>\u00a0<\/p>\n\t\t\t<h6>\n\t\t\t\t\t5. Comment obtenir un certificat ?\n\t\t\t\t<\/h6>\n\t\t\t<p>\u00c0 la fin de chaque cours, vous recevrez un certificat de compl\u00e9tion t\u00e9l\u00e9chargeable.<\/p>\n\t\t\t<h6>\n\t\t\t\t\t6. Comment les cours en ligne se d\u00e9roulent?\n\t\t\t\t<\/h6>\n\t\t\t<p>Les cours se font en ligne de module \u00e0 module pour chaque cours et au rythme de l&rsquo;apprenant.\u00a0<\/p>\n\t\t\t<h2>\n\t\t\t\t\tRejoignez notre communaut\u00e9\n\t\t\t\t<\/h2>\n\t\t\t<p>Inscrivez-vous maintenant \u00e0 notre Newsletter!<\/p>\n\t<form  class=\"kaliforms-form-container bootstrap-wrapper\" data-form-id=\"1084\" style=\"opacity:0\"><div id=\"kaliforms-global-error-message-1084\" class=\"global-error-message\"><\/div><div class=\"row kali-form-field-row\"><div class=\"col-12 col-md-7\"><input  data-internal-id=\"email1\" type=\"email\" id=\"email1\" name=\"email\" placeholder=\"Votre adresse email\"required class=\"input\"><\/div><div class=\"col-12 col-md-5\"><input  data-internal-id=\"submitbutton2\" type=\"submit\" id=\"submitButton2\" data-style=\"btn dark-blue\"  name=\"submitButton2\" class=\"input btn dark-blue\" value=\"S&#039;inscrire\" ><\/div><\/div><input type=\"hidden\" name=\"ip_address\" readonly value=\"216.73.216.241\" \/><!-- This form was built using Kali Forms --><input type=\"hidden\" name=\"trp-form-language\" value=\"en\"\/><\/form>","protected":false},"excerpt":{"rendered":"<p>Foire Aux Questions Tout savoir sur le fonctionnement de la plateforme Learn AFoodPack. Devenez membre Inscription Inscrivez-vous partout, \u00e0 tout moment et de fa\u00e7on gratuite en cliquant sur le bouton \u00ab\u00a0Commencer\u00a0\u00bb +10 Partenaires +20 Instructeurs +100 Personnes form\u00e9es Des Questions? FAQ Les questions usuelles de nos utilisateurs ainsi que leurs r\u00e9ponses.\u00a0 1. Comment puis-je m&rsquo;inscrire [&hellip;]<\/p>","protected":false},"author":1,"featured_media":0,"parent":0,"menu_order":0,"comment_status":"closed","ping_status":"closed","template":"","meta":{"site-sidebar-layout":"no-sidebar","site-content-layout":"page-builder","ast-site-content-layout":"","site-content-style":"default","site-sidebar-style":"default","ast-global-header-display":"","ast-banner-title-visibility":"","ast-main-header-display":"","ast-hfb-above-header-display":"","ast-hfb-below-header-display":"","ast-hfb-mobile-header-display":"","site-post-title":"disabled","ast-breadcrumbs-content":"disabled","ast-featured-img":"disabled","footer-sml-layout":"","theme-transparent-header-meta":"enabled","adv-header-id-meta":"","stick-header-meta":"","header-above-stick-meta":"","header-main-stick-meta":"","header-below-stick-meta":"","astra-migrate-meta-layouts":"default","ast-page-background-enabled":"default","ast-page-background-meta":{"desktop":{"background-color":"","background-image":"","background-repeat":"repeat","background-position":"center center","background-size":"auto","background-attachment":"scroll","background-type":"","background-media":"","overlay-type":"","overlay-color":"","overlay-opacity":"","overlay-gradient":""},"tablet":{"background-color":"","background-image":"","background-repeat":"repeat","background-position":"center center","background-size":"auto","background-attachment":"scroll","background-type":"","background-media":"","overlay-type":"","overlay-color":"","overlay-opacity":"","overlay-gradient":""},"mobile":{"background-color":"","background-image":"","background-repeat":"repeat","background-position":"center center","background-size":"auto","background-attachment":"scroll","background-type":"","background-media":"","overlay-type":"","overlay-color":"","overlay-opacity":"","overlay-gradient":""}},"ast-content-background-meta":{"desktop":{"background-color":"var(--ast-global-color-5)","background-image":"","background-repeat":"repeat","background-position":"center center","background-size":"auto","background-attachment":"scroll","background-type":"","background-media":"","overlay-type":"","overlay-color":"","overlay-opacity":"","overlay-gradient":""},"tablet":{"background-color":"var(--ast-global-color-5)","background-image":"","background-repeat":"repeat","background-position":"center center","background-size":"auto","background-attachment":"scroll","background-type":"","background-media":"","overlay-type":"","overlay-color":"","overlay-opacity":"","overlay-gradient":""},"mobile":{"background-color":"var(--ast-global-color-5)","background-image":"","background-repeat":"repeat","background-position":"center center","background-size":"auto","background-attachment":"scroll","background-type":"","background-media":"","overlay-type":"","overlay-color":"","overlay-opacity":"","overlay-gradient":""}},"footnotes":""},"class_list":["post-740","page","type-page","status-publish","hentry"],"aioseo_notices":[],"_links":{"self":[{"href":"https:\/\/learn.afoodpack.com\/en\/wp-json\/wp\/v2\/pages\/740"}],"collection":[{"href":"https:\/\/learn.afoodpack.com\/en\/wp-json\/wp\/v2\/pages"}],"about":[{"href":"https:\/\/learn.afoodpack.com\/en\/wp-json\/wp\/v2\/types\/page"}],"author":[{"embeddable":true,"href":"https:\/\/learn.afoodpack.com\/en\/wp-json\/wp\/v2\/users\/1"}],"replies":[{"embeddable":true,"href":"https:\/\/learn.afoodpack.com\/en\/wp-json\/wp\/v2\/comments?post=740"}],"version-history":[{"count":8,"href":"https:\/\/learn.afoodpack.com\/en\/wp-json\/wp\/v2\/pages\/740\/revisions"}],"predecessor-version":[{"id":1088,"href":"https:\/\/learn.afoodpack.com\/en\/wp-json\/wp\/v2\/pages\/740\/revisions\/1088"}],"wp:attachment":[{"href":"https:\/\/learn.afoodpack.com\/en\/wp-json\/wp\/v2\/media?parent=740"}],"curies":[{"name":"wp","href":"https:\/\/api.w.org\/{rel}","templated":true}]}}