{"id":741,"date":"2024-07-18T13:51:45","date_gmt":"2024-07-18T13:51:45","guid":{"rendered":"https:\/\/learn.afoodpack.com\/contact\/"},"modified":"2024-08-06T11:52:57","modified_gmt":"2024-08-06T11:52:57","slug":"contact","status":"publish","type":"page","link":"https:\/\/learn.afoodpack.com\/en\/contact\/","title":{"rendered":"Contact"},"content":{"rendered":"<h1>\n\t\t\t\t\tRestons en contact\n\t\t\t\t<\/h1>\n\t\t\t<p>Lorem ipsum dolor sit amet, consectetur adipiscing elit. Ut elit tellus, luctus nec ullamcorper mattis, pulvinar dapibus leo.<\/p>\n\t\t\t<h2>\n\t\t\t\t\tContactez Nous\n\t\t\t\t<\/h2>\n\t\t\t<p>Envie de nous joindre? Retrouvez nous \u00e0 l&rsquo;adresse ci dessous ou laissez nous un message au num\u00e9ro ou \u00e0 l&rsquo;adresse mail ci-dessous.<\/p>\n\t<ul>\n\t\t<li>\t\t\t\t\n\t\tGounghin Petit Paris, HLM CEGCI, Apt 06<\/li><li>\t\t\t\t\n\t\tlearn@afoodpack.com<\/li><li>\t\t\t\t\n\t\t+226 66 82 60 60<\/li>\t<\/ul>\n\t\t\t<h6>\n\t\t\t\t\tKeep in Touch\n\t\t\t\t<\/h6>\n\t<iframe src=\"https:\/\/www.google.com\/maps\/embed?pb=!1m18!1m12!1m3!1d3897.3584364901994!2d-1.5432407256791394!3d12.35890578790301!2m3!1f0!2f0!3f0!3m2!1i1024!2i768!4f13.1!3m3!1m2!1s0xe2e95315b3b74c7%3A0x9dce60faaf4ef51a!2sICE-T%20INVESTMENT%20Sarl!5e0!3m2!1sfr!2sbf!4v1722943396231!5m2!1sfr!2sbf\" width=\"100%\" height=\"200px\" frameborder=\"0\" allowfullscreen=\"\" aria-hidden=\"false\" tabindex=\"0\"><\/iframe>\n\t\t\t<h4>\n\t\t\t\t\tQuelques Questions?\n\t\t\t\t<\/h4>\n\t\t\t<p>Visitez la FAQ (Foire Aux Questions) pour plus d&rsquo;infos.<\/p>\n\t\t\t<a href=\"https:\/\/learn.afoodpack.com\/en\/faq\/\" target=\"_self\" rel=\"noopener\">\n\t\t\t\t\t\t\tFAQ\n\t\t\t\t\t<\/a>\n\t\t\t<h2>\n\t\t\t\t\tRejoignez notre Communaut\u00e9\n\t\t\t\t<\/h2>\n\t\t\t<p>Inscrivez vous \u00e0 notre newsletter.<\/p>\n\t<form  class=\"kaliforms-form-container bootstrap-wrapper\" data-form-id=\"1084\" style=\"opacity:0\"><div id=\"kaliforms-global-error-message-1084\" class=\"global-error-message\"><\/div><div class=\"row kali-form-field-row\"><div class=\"col-12 col-md-7\"><input  data-internal-id=\"email1\" type=\"email\" id=\"email1\" name=\"email\" placeholder=\"Votre adresse email\"required class=\"input\"><\/div><div class=\"col-12 col-md-5\"><input  data-internal-id=\"submitbutton2\" type=\"submit\" id=\"submitButton2\" data-style=\"btn dark-blue\"  name=\"submitButton2\" class=\"input btn dark-blue\" value=\"S&#039;inscrire\" ><\/div><\/div><input type=\"hidden\" name=\"ip_address\" readonly value=\"216.73.216.159\" \/><!-- This form was built using Kali Forms --><input type=\"hidden\" name=\"trp-form-language\" value=\"en\"\/><\/form>","protected":false},"excerpt":{"rendered":"<p>Restons en contact Lorem ipsum dolor sit amet, consectetur adipiscing elit. Ut elit tellus, luctus nec ullamcorper mattis, pulvinar dapibus leo. Contactez Nous Envie de nous joindre? Retrouvez nous \u00e0 l&rsquo;adresse ci dessous ou laissez nous un message au num\u00e9ro ou \u00e0 l&rsquo;adresse mail ci-dessous. Gounghin Petit Paris, HLM CEGCI, Apt 06 learn@afoodpack.com +226 66 [&hellip;]<\/p>","protected":false},"author":0,"featured_media":0,"parent":0,"menu_order":0,"comment_status":"closed","ping_status":"closed","template":"","meta":{"site-sidebar-layout":"no-sidebar","site-content-layout":"page-builder","ast-site-content-layout":"","site-content-style":"default","site-sidebar-style":"default","ast-global-header-display":"","ast-banner-title-visibility":"","ast-main-header-display":"","ast-hfb-above-header-display":"","ast-hfb-below-header-display":"","ast-hfb-mobile-header-display":"","site-post-title":"disabled","ast-breadcrumbs-content":"disabled","ast-featured-img":"disabled","footer-sml-layout":"","theme-transparent-header-meta":"enabled","adv-header-id-meta":"","stick-header-meta":"","header-above-stick-meta":"","header-main-stick-meta":"","header-below-stick-meta":"","astra-migrate-meta-layouts":"default","ast-page-background-enabled":"default","ast-page-background-meta":{"desktop":{"background-color":"","background-image":"","background-repeat":"repeat","background-position":"center center","background-size":"auto","background-attachment":"scroll","background-type":"","background-media":"","overlay-type":"","overlay-color":"","overlay-opacity":"","overlay-gradient":""},"tablet":{"background-color":"","background-image":"","background-repeat":"repeat","background-position":"center center","background-size":"auto","background-attachment":"scroll","background-type":"","background-media":"","overlay-type":"","overlay-color":"","overlay-opacity":"","overlay-gradient":""},"mobile":{"background-color":"","background-image":"","background-repeat":"repeat","background-position":"center center","background-size":"auto","background-attachment":"scroll","background-type":"","background-media":"","overlay-type":"","overlay-color":"","overlay-opacity":"","overlay-gradient":""}},"ast-content-background-meta":{"desktop":{"background-color":"var(--ast-global-color-5)","background-image":"","background-repeat":"repeat","background-position":"center center","background-size":"auto","background-attachment":"scroll","background-type":"","background-media":"","overlay-type":"","overlay-color":"","overlay-opacity":"","overlay-gradient":""},"tablet":{"background-color":"var(--ast-global-color-5)","background-image":"","background-repeat":"repeat","background-position":"center center","background-size":"auto","background-attachment":"scroll","background-type":"","background-media":"","overlay-type":"","overlay-color":"","overlay-opacity":"","overlay-gradient":""},"mobile":{"background-color":"var(--ast-global-color-5)","background-image":"","background-repeat":"repeat","background-position":"center center","background-size":"auto","background-attachment":"scroll","background-type":"","background-media":"","overlay-type":"","overlay-color":"","overlay-opacity":"","overlay-gradient":""}},"footnotes":""},"class_list":["post-741","page","type-page","status-publish","hentry"],"aioseo_notices":[],"_links":{"self":[{"href":"https:\/\/learn.afoodpack.com\/en\/wp-json\/wp\/v2\/pages\/741"}],"collection":[{"href":"https:\/\/learn.afoodpack.com\/en\/wp-json\/wp\/v2\/pages"}],"about":[{"href":"https:\/\/learn.afoodpack.com\/en\/wp-json\/wp\/v2\/types\/page"}],"replies":[{"embeddable":true,"href":"https:\/\/learn.afoodpack.com\/en\/wp-json\/wp\/v2\/comments?post=741"}],"version-history":[{"count":3,"href":"https:\/\/learn.afoodpack.com\/en\/wp-json\/wp\/v2\/pages\/741\/revisions"}],"predecessor-version":[{"id":1086,"href":"https:\/\/learn.afoodpack.com\/en\/wp-json\/wp\/v2\/pages\/741\/revisions\/1086"}],"wp:attachment":[{"href":"https:\/\/learn.afoodpack.com\/en\/wp-json\/wp\/v2\/media?parent=741"}],"curies":[{"name":"wp","href":"https:\/\/api.w.org\/{rel}","templated":true}]}}